{"id":13,"date":"2025-11-14T16:35:41","date_gmt":"2025-11-14T16:35:41","guid":{"rendered":"https:\/\/samycafe.rkinformatika.online\/?page_id=13"},"modified":"2025-11-20T12:31:52","modified_gmt":"2025-11-20T12:31:52","slug":"inicio","status":"publish","type":"page","link":"https:\/\/samycafe.com\/eu\/","title":{"rendered":"Hasiera"},"content":{"rendered":"<div data-elementor-type=\"wp-page\" data-elementor-id=\"13\" class=\"elementor elementor-13\" data-elementor-post-type=\"page\">\n\t\t\t\t<div class=\"elementor-element elementor-element-85df2dc e-flex e-con-boxed elementor-invisible e-con e-parent\" data-id=\"85df2dc\" data-element_type=\"container\" data-e-type=\"container\" data-settings=\"{&quot;background_background&quot;:&quot;classic&quot;,&quot;animation&quot;:&quot;fadeIn&quot;,&quot;animation_delay&quot;:0}\">\n\t\t\t\t\t<div class=\"e-con-inner\">\n\t\t\t\t\t<\/div>\n\t\t\t\t<\/div>\n\t\t<div class=\"elementor-element elementor-element-3d3d3b3 e-flex e-con-boxed elementor-invisible e-con e-parent\" data-id=\"3d3d3b3\" data-element_type=\"container\" data-e-type=\"container\" data-settings=\"{&quot;animation&quot;:&quot;fadeInDown&quot;}\">\n\t\t\t\t\t<div class=\"e-con-inner\">\n\t\t<div class=\"elementor-element elementor-element-4720d5f e-con-full e-flex e-con e-child\" data-id=\"4720d5f\" data-element_type=\"container\" data-e-type=\"container\">\n\t\t\t\t<div class=\"elementor-element elementor-element-bb53c83 elementor-widget__width-initial elementor-widget-mobile__width-initial elementor-invisible elementor-widget elementor-widget-heading\" data-id=\"bb53c83\" data-element_type=\"widget\" data-e-type=\"widget\" data-settings=\"{&quot;_animation&quot;:&quot;fadeInUp&quot;}\" data-widget_type=\"heading.default\">\n\t\t\t\t\t<h4 class=\"elementor-heading-title elementor-size-default\">Gozatzeko, erlaxatzeko eta une onak partekatzeko zuen lekua<\/h4>\t\t\t\t<\/div>\n\t\t\t\t<div class=\"elementor-element elementor-element-34391d9 elementor-widget__width-auto elementor-invisible elementor-widget elementor-widget-heading\" data-id=\"34391d9\" data-element_type=\"widget\" data-e-type=\"widget\" data-settings=\"{&quot;_animation&quot;:&quot;fadeInUp&quot;}\" data-widget_type=\"heading.default\">\n\t\t\t\t\t<h2 class=\"elementor-heading-title elementor-size-default\">Ongi etorri Samy Cafe-ra:<\/h2>\t\t\t\t<\/div>\n\t\t\t\t<div class=\"elementor-element elementor-element-4d4d9f8 elementor-invisible elementor-widget elementor-widget-image\" data-id=\"4d4d9f8\" data-element_type=\"widget\" data-e-type=\"widget\" data-settings=\"{&quot;_animation&quot;:&quot;fadeInUp&quot;}\" data-widget_type=\"image.default\">\n\t\t\t\t\t\t\t\t\t\t\t\t\t\t\t<img decoding=\"async\" src=\"https:\/\/samycafe.com\/wp-content\/uploads\/2025\/11\/hero-divider-2.png\" title=\"hero-divider-2.png\" alt=\"hero-divider-2.png\" loading=\"lazy\" \/>\t\t\t\t\t\t\t\t\t\t\t\t\t\t\t<\/div>\n\t\t\t\t<\/div>\n\t\t\t\t\t<\/div>\n\t\t\t\t<\/div>\n\t\t<div class=\"elementor-element elementor-element-27aafa7 e-flex e-con-boxed e-con e-parent\" data-id=\"27aafa7\" data-element_type=\"container\" data-e-type=\"container\">\n\t\t\t\t\t<div class=\"e-con-inner\">\n\t\t<div class=\"elementor-element elementor-element-5c55870 e-con-full e-flex elementor-invisible e-con e-child\" data-id=\"5c55870\" data-element_type=\"container\" data-e-type=\"container\" data-settings=\"{&quot;animation&quot;:&quot;fadeInLeft&quot;}\">\n\t\t\t\t<div class=\"elementor-element elementor-element-07f5a8b elementor-widget elementor-widget-heading\" data-id=\"07f5a8b\" data-element_type=\"widget\" data-e-type=\"widget\" data-widget_type=\"heading.default\">\n\t\t\t\t\t<h2 class=\"elementor-heading-title elementor-size-default\">Samy Caferen familia:<\/h2>\t\t\t\t<\/div>\n\t\t\t\t<div class=\"elementor-element elementor-element-bd9626d elementor-widget elementor-widget-text-editor\" data-id=\"bd9626d\" data-element_type=\"widget\" data-e-type=\"widget\" data-widget_type=\"text-editor.default\">\n\t\t\t\t\t\t\t\t\t<p>Samy Cafe-n egunero lan egiten dugu, gosari on batez, kafe lasai batez edo ogitarteko prestatu berri batez gozatzeko espazio eroso bat eskaintzeko ilusioarekin. Hurbiltasunaren, tratu onaren eta kalitatezko produktuen aldeko apustua egiten duen talde txiki bat gara.<\/p><p>Bisita bakoitza une atsegina eta hurbila izatea bilatzen dugu. Plater eta kafe bakoitza mimoz prestatuta dago, etxean bezala senti zaitezen.<br \/>Gozatzeko, erlaxatzeko eta eguna ondo hasteko lekua.<\/p><p>Gehiago jakin nahi duzu?<\/p><p><a href=\"https:\/\/maps.app.goo.gl\/rCoNzVFxNfXKbKPp9\">Bisita gaitzazu!<\/a><\/p>\t\t\t\t\t\t\t\t<\/div>\n\t\t\t\t<\/div>\n\t\t<div class=\"elementor-element elementor-element-22f9e8b e-con-full e-flex e-con e-child\" data-id=\"22f9e8b\" data-element_type=\"container\" data-e-type=\"container\">\n\t\t<div class=\"elementor-element elementor-element-1c7e2ac e-con-full e-flex elementor-invisible e-con e-child\" data-id=\"1c7e2ac\" data-element_type=\"container\" data-e-type=\"container\" data-settings=\"{&quot;animation&quot;:&quot;fadeInRight&quot;}\">\n\t\t\t\t<div class=\"elementor-element elementor-element-cb89bcd elementor-pagination-position-outside elementor-widget elementor-widget-image-carousel\" data-id=\"cb89bcd\" data-element_type=\"widget\" data-e-type=\"widget\" data-settings=\"{&quot;slides_to_show&quot;:&quot;1&quot;,&quot;navigation&quot;:&quot;dots&quot;,&quot;autoplay&quot;:&quot;yes&quot;,&quot;pause_on_hover&quot;:&quot;yes&quot;,&quot;pause_on_interaction&quot;:&quot;yes&quot;,&quot;autoplay_speed&quot;:5000,&quot;infinite&quot;:&quot;yes&quot;,&quot;effect&quot;:&quot;slide&quot;,&quot;speed&quot;:500}\" data-widget_type=\"image-carousel.default\">\n\t\t\t\t\t\t\t<div class=\"elementor-image-carousel-wrapper swiper\" role=\"region\" aria-roledescription=\"carousel\" aria-label=\"Carrusel de im\u00e1genes\" dir=\"ltr\">\n\t\t\t<div class=\"elementor-image-carousel swiper-wrapper\" aria-live=\"off\">\n\t\t\t\t\t\t\t\t<div class=\"swiper-slide\" role=\"group\" aria-roledescription=\"slide\" aria-label=\"1 de 4\"><figure class=\"swiper-slide-inner\"><img decoding=\"async\" class=\"swiper-slide-image\" src=\"https:\/\/samycafe.com\/wp-content\/uploads\/2025\/11\/WhatsApp-Image-2025-11-20-at-11.19.51.jpeg\" alt=\"\" \/><\/figure><\/div><div class=\"swiper-slide\" role=\"group\" aria-roledescription=\"slide\" aria-label=\"2 de 4\"><figure class=\"swiper-slide-inner\"><img decoding=\"async\" class=\"swiper-slide-image\" src=\"https:\/\/samycafe.com\/wp-content\/uploads\/2025\/11\/WhatsApp-Image-2025-11-20-at-11.18.42.jpeg\" alt=\"\" \/><\/figure><\/div><div class=\"swiper-slide\" role=\"group\" aria-roledescription=\"slide\" aria-label=\"3 de 4\"><figure class=\"swiper-slide-inner\"><img decoding=\"async\" class=\"swiper-slide-image\" src=\"https:\/\/samycafe.com\/wp-content\/uploads\/2025\/11\/WhatsApp-Image-2025-11-20-at-11.19.27.jpeg\" alt=\"\" \/><\/figure><\/div><div class=\"swiper-slide\" role=\"group\" aria-roledescription=\"slide\" aria-label=\"4 de 4\"><figure class=\"swiper-slide-inner\"><img decoding=\"async\" class=\"swiper-slide-image\" src=\"https:\/\/samycafe.com\/wp-content\/uploads\/2025\/11\/WhatsApp-Image-2025-11-12-at-13.08.05-1.jpeg\" alt=\"WhatsApp Image 2025-11-12 at 13.08.05 (1)\" \/><\/figure><\/div>\t\t\t<\/div>\n\t\t\t\t\t\t\t\n\t\t\t\t\t\t\t\t\t<div class=\"swiper-pagination\"><\/div>\n\t\t\t\t\t\t\t\t\t<\/div>\n\t\t\t\t\t\t<\/div>\n\t\t\t\t<\/div>\n\t\t\t\t<\/div>\n\t\t\t\t\t<\/div>\n\t\t\t\t<\/div>\n\t\t<div class=\"elementor-element elementor-element-6f59b36 e-flex e-con-boxed elementor-invisible e-con e-parent\" data-id=\"6f59b36\" data-element_type=\"container\" data-e-type=\"container\" data-settings=\"{&quot;background_background&quot;:&quot;classic&quot;,&quot;animation&quot;:&quot;fadeIn&quot;,&quot;animation_delay&quot;:0}\">\n\t\t\t\t\t<div class=\"e-con-inner\">\n\t\t\t\t<div class=\"elementor-element elementor-element-553209e elementor-invisible elementor-widget elementor-widget-heading\" data-id=\"553209e\" data-element_type=\"widget\" data-e-type=\"widget\" data-settings=\"{&quot;_animation&quot;:&quot;fadeInUp&quot;}\" data-widget_type=\"heading.default\">\n\t\t\t\t\t<h2 class=\"elementor-heading-title elementor-size-default\">Hemen beti zara ongi etorria.<\/h2>\t\t\t\t<\/div>\n\t\t\t\t<div class=\"elementor-element elementor-element-326f75b elementor-align-center elementor-invisible elementor-widget elementor-widget-button\" data-id=\"326f75b\" data-element_type=\"widget\" data-e-type=\"widget\" data-settings=\"{&quot;_animation&quot;:&quot;zoomIn&quot;}\" data-widget_type=\"button.default\">\n\t\t\t\t\t\t\t\t\t\t<a class=\"elementor-button elementor-button-link elementor-size-sm\" href=\"https:\/\/samycafe.com\/eu\/servicios\/\">\n\t\t\t\t\t\t<span class=\"elementor-button-content-wrapper\">\n\t\t\t\t\t\t\t\t\t<span class=\"elementor-button-text\">SERVICIOS<\/span>\n\t\t\t\t\t<\/span>\n\t\t\t\t\t<\/a>\n\t\t\t\t\t\t\t\t<\/div>\n\t\t\t\t\t<\/div>\n\t\t\t\t<\/div>\n\t\t\t\t<\/div>","protected":false},"excerpt":{"rendered":"<p>Vuestro lugar para disfrutar, relajarse y compartir buenos momentos Bienvenidos a Samy Caf\u00e9: La familia de Samy Caf\u00e9: En Samy Caf\u00e9 trabajamos cada d\u00eda con la ilusi\u00f3n de ofrecer un espacio acogedor donde disfrutar de un buen desayuno, un caf\u00e9 tranquilo o un bocadillo reci\u00e9n preparado. Somos un peque\u00f1o equipo que apuesta por la cercan\u00eda, [&hellip;]<\/p>\n","protected":false},"author":1,"featured_media":0,"parent":0,"menu_order":0,"comment_status":"closed","ping_status":"closed","template":"elementor_canvas","meta":{"footnotes":""},"class_list":["post-13","page","type-page","status-publish","hentry"],"yoast_head":"<!-- This site is optimized with the Yoast SEO plugin v27.3 - https:\/\/yoast.com\/product\/yoast-seo-wordpress\/ -->\n<title>Inicio - Samy Cafe<\/title>\n<meta name=\"robots\" content=\"index, follow, max-snippet:-1, max-image-preview:large, max-video-preview:-1\" \/>\n<link rel=\"canonical\" href=\"https:\/\/samycafe.com\/eu\/\" \/>\n<meta property=\"og:locale\" content=\"en_US\" \/>\n<meta property=\"og:type\" content=\"article\" \/>\n<meta property=\"og:title\" content=\"Inicio - Samy Cafe\" \/>\n<meta property=\"og:description\" content=\"Vuestro lugar para disfrutar, relajarse y compartir buenos momentos Bienvenidos a Samy Caf\u00e9: La familia de Samy Caf\u00e9: En Samy Caf\u00e9 trabajamos cada d\u00eda con la ilusi\u00f3n de ofrecer un espacio acogedor donde disfrutar de un buen desayuno, un caf\u00e9 tranquilo o un bocadillo reci\u00e9n preparado. Somos un peque\u00f1o equipo que apuesta por la cercan\u00eda, [&hellip;]\" \/>\n<meta property=\"og:url\" content=\"https:\/\/samycafe.com\/eu\/\" \/>\n<meta property=\"og:site_name\" content=\"Samy Cafe\" \/>\n<meta property=\"article:modified_time\" content=\"2025-11-20T12:31:52+00:00\" \/>\n<meta property=\"og:image\" content=\"https:\/\/samycafe.com\/wp-content\/uploads\/2025\/11\/hero-divider-2.png\" \/>\n<meta name=\"twitter:card\" content=\"summary_large_image\" \/>\n<script type=\"application\/ld+json\" class=\"yoast-schema-graph\">{\"@context\":\"https:\\\/\\\/schema.org\",\"@graph\":[{\"@type\":\"WebPage\",\"@id\":\"https:\\\/\\\/samycafe.com\\\/\",\"url\":\"https:\\\/\\\/samycafe.com\\\/\",\"name\":\"Inicio - Samy Cafe\",\"isPartOf\":{\"@id\":\"https:\\\/\\\/samycafe.com\\\/#website\"},\"primaryImageOfPage\":{\"@id\":\"https:\\\/\\\/samycafe.com\\\/#primaryimage\"},\"image\":{\"@id\":\"https:\\\/\\\/samycafe.com\\\/#primaryimage\"},\"thumbnailUrl\":\"https:\\\/\\\/samycafe.com\\\/wp-content\\\/uploads\\\/2025\\\/11\\\/hero-divider-2.png\",\"datePublished\":\"2025-11-14T16:35:41+00:00\",\"dateModified\":\"2025-11-20T12:31:52+00:00\",\"breadcrumb\":{\"@id\":\"https:\\\/\\\/samycafe.com\\\/#breadcrumb\"},\"inLanguage\":\"eu\",\"potentialAction\":[{\"@type\":\"ReadAction\",\"target\":[\"https:\\\/\\\/samycafe.com\\\/\"]}]},{\"@type\":\"ImageObject\",\"inLanguage\":\"eu\",\"@id\":\"https:\\\/\\\/samycafe.com\\\/#primaryimage\",\"url\":\"https:\\\/\\\/samycafe.com\\\/wp-content\\\/uploads\\\/2025\\\/11\\\/hero-divider-2.png\",\"contentUrl\":\"https:\\\/\\\/samycafe.com\\\/wp-content\\\/uploads\\\/2025\\\/11\\\/hero-divider-2.png\"},{\"@type\":\"BreadcrumbList\",\"@id\":\"https:\\\/\\\/samycafe.com\\\/#breadcrumb\",\"itemListElement\":[{\"@type\":\"ListItem\",\"position\":1,\"name\":\"Portada\",\"item\":\"https:\\\/\\\/samycafe.com\\\/\"},{\"@type\":\"ListItem\",\"position\":2,\"name\":\"Inicio\"}]},{\"@type\":\"WebSite\",\"@id\":\"https:\\\/\\\/samycafe.com\\\/#website\",\"url\":\"https:\\\/\\\/samycafe.com\\\/\",\"name\":\"Samy Cafe\",\"description\":\"Cafeter\u00eda\",\"publisher\":{\"@id\":\"https:\\\/\\\/samycafe.com\\\/#organization\"},\"potentialAction\":[{\"@type\":\"SearchAction\",\"target\":{\"@type\":\"EntryPoint\",\"urlTemplate\":\"https:\\\/\\\/samycafe.com\\\/?s={search_term_string}\"},\"query-input\":{\"@type\":\"PropertyValueSpecification\",\"valueRequired\":true,\"valueName\":\"search_term_string\"}}],\"inLanguage\":\"eu\"},{\"@type\":\"Organization\",\"@id\":\"https:\\\/\\\/samycafe.com\\\/#organization\",\"name\":\"Samy Cafe\",\"url\":\"https:\\\/\\\/samycafe.com\\\/\",\"logo\":{\"@type\":\"ImageObject\",\"inLanguage\":\"eu\",\"@id\":\"https:\\\/\\\/samycafe.com\\\/#\\\/schema\\\/logo\\\/image\\\/\",\"url\":\"https:\\\/\\\/samycafe.com\\\/wp-content\\\/uploads\\\/2025\\\/11\\\/cropped-homeuserDescargasDiseno-sin-titulo.png.png\",\"contentUrl\":\"https:\\\/\\\/samycafe.com\\\/wp-content\\\/uploads\\\/2025\\\/11\\\/cropped-homeuserDescargasDiseno-sin-titulo.png.png\",\"width\":500,\"height\":195,\"caption\":\"Samy Cafe\"},\"image\":{\"@id\":\"https:\\\/\\\/samycafe.com\\\/#\\\/schema\\\/logo\\\/image\\\/\"}}]}<\/script>\n<!-- \/ Yoast SEO plugin. -->","yoast_head_json":{"title":"Inicio - Samy Cafe","robots":{"index":"index","follow":"follow","max-snippet":"max-snippet:-1","max-image-preview":"max-image-preview:large","max-video-preview":"max-video-preview:-1"},"canonical":"https:\/\/samycafe.com\/eu\/","og_locale":"en_US","og_type":"article","og_title":"Inicio - Samy Cafe","og_description":"Vuestro lugar para disfrutar, relajarse y compartir buenos momentos Bienvenidos a Samy Caf\u00e9: La familia de Samy Caf\u00e9: En Samy Caf\u00e9 trabajamos cada d\u00eda con la ilusi\u00f3n de ofrecer un espacio acogedor donde disfrutar de un buen desayuno, un caf\u00e9 tranquilo o un bocadillo reci\u00e9n preparado. Somos un peque\u00f1o equipo que apuesta por la cercan\u00eda, [&hellip;]","og_url":"https:\/\/samycafe.com\/eu\/","og_site_name":"Samy Cafe","article_modified_time":"2025-11-20T12:31:52+00:00","og_image":[{"url":"https:\/\/samycafe.com\/wp-content\/uploads\/2025\/11\/hero-divider-2.png","type":"","width":"","height":""}],"twitter_card":"summary_large_image","schema":{"@context":"https:\/\/schema.org","@graph":[{"@type":"WebPage","@id":"https:\/\/samycafe.com\/","url":"https:\/\/samycafe.com\/","name":"Inicio - Samy Cafe","isPartOf":{"@id":"https:\/\/samycafe.com\/#website"},"primaryImageOfPage":{"@id":"https:\/\/samycafe.com\/#primaryimage"},"image":{"@id":"https:\/\/samycafe.com\/#primaryimage"},"thumbnailUrl":"https:\/\/samycafe.com\/wp-content\/uploads\/2025\/11\/hero-divider-2.png","datePublished":"2025-11-14T16:35:41+00:00","dateModified":"2025-11-20T12:31:52+00:00","breadcrumb":{"@id":"https:\/\/samycafe.com\/#breadcrumb"},"inLanguage":"eu","potentialAction":[{"@type":"ReadAction","target":["https:\/\/samycafe.com\/"]}]},{"@type":"ImageObject","inLanguage":"eu","@id":"https:\/\/samycafe.com\/#primaryimage","url":"https:\/\/samycafe.com\/wp-content\/uploads\/2025\/11\/hero-divider-2.png","contentUrl":"https:\/\/samycafe.com\/wp-content\/uploads\/2025\/11\/hero-divider-2.png"},{"@type":"BreadcrumbList","@id":"https:\/\/samycafe.com\/#breadcrumb","itemListElement":[{"@type":"ListItem","position":1,"name":"Portada","item":"https:\/\/samycafe.com\/"},{"@type":"ListItem","position":2,"name":"Inicio"}]},{"@type":"WebSite","@id":"https:\/\/samycafe.com\/#website","url":"https:\/\/samycafe.com\/","name":"Samy Cafe","description":"Cafeter\u00eda","publisher":{"@id":"https:\/\/samycafe.com\/#organization"},"potentialAction":[{"@type":"SearchAction","target":{"@type":"EntryPoint","urlTemplate":"https:\/\/samycafe.com\/?s={search_term_string}"},"query-input":{"@type":"PropertyValueSpecification","valueRequired":true,"valueName":"search_term_string"}}],"inLanguage":"eu"},{"@type":"Organization","@id":"https:\/\/samycafe.com\/#organization","name":"Samy Cafe","url":"https:\/\/samycafe.com\/","logo":{"@type":"ImageObject","inLanguage":"eu","@id":"https:\/\/samycafe.com\/#\/schema\/logo\/image\/","url":"https:\/\/samycafe.com\/wp-content\/uploads\/2025\/11\/cropped-homeuserDescargasDiseno-sin-titulo.png.png","contentUrl":"https:\/\/samycafe.com\/wp-content\/uploads\/2025\/11\/cropped-homeuserDescargasDiseno-sin-titulo.png.png","width":500,"height":195,"caption":"Samy Cafe"},"image":{"@id":"https:\/\/samycafe.com\/#\/schema\/logo\/image\/"}}]}},"_links":{"self":[{"href":"https:\/\/samycafe.com\/eu\/wp-json\/wp\/v2\/pages\/13","targetHints":{"allow":["GET"]}}],"collection":[{"href":"https:\/\/samycafe.com\/eu\/wp-json\/wp\/v2\/pages"}],"about":[{"href":"https:\/\/samycafe.com\/eu\/wp-json\/wp\/v2\/types\/page"}],"author":[{"embeddable":true,"href":"https:\/\/samycafe.com\/eu\/wp-json\/wp\/v2\/users\/1"}],"replies":[{"embeddable":true,"href":"https:\/\/samycafe.com\/eu\/wp-json\/wp\/v2\/comments?post=13"}],"version-history":[{"count":100,"href":"https:\/\/samycafe.com\/eu\/wp-json\/wp\/v2\/pages\/13\/revisions"}],"predecessor-version":[{"id":489,"href":"https:\/\/samycafe.com\/eu\/wp-json\/wp\/v2\/pages\/13\/revisions\/489"}],"wp:attachment":[{"href":"https:\/\/samycafe.com\/eu\/wp-json\/wp\/v2\/media?parent=13"}],"curies":[{"name":"wp","href":"https:\/\/api.w.org\/{rel}","templated":true}]}}